{"id":11,"date":"2024-07-04T06:08:59","date_gmt":"2024-07-04T06:08:59","guid":{"rendered":"https:\/\/dev.net-vision.cz\/servis-neuvirt.cz\/?page_id=11"},"modified":"2024-07-04T16:01:48","modified_gmt":"2024-07-04T16:01:48","slug":"uvod","status":"publish","type":"page","link":"https:\/\/www.servis-neuvirt.cz\/","title":{"rendered":"\u00davod"},"content":{"rendered":"","protected":false},"excerpt":{"rendered":"","protected":false},"author":1,"featured_media":0,"parent":0,"menu_order":0,"comment_status":"closed","ping_status":"closed","template":"","meta":{"footnotes":""},"class_list":["post-11","page","type-page","status-publish","hentry"],"yoast_head":"<!-- This site is optimized with the Yoast SEO plugin v25.6 - https:\/\/yoast.com\/wordpress\/plugins\/seo\/ -->\n<title>Neuvirt | Komplexn\u00ed servis a opravy obr\u00e1b\u011bc\u00edch stroj\u016f - Varnsdorf<\/title>\n<meta name=\"description\" content=\"SOS Varnsdorf prov\u00e1d\u00ed servis, opravy a modernizace obr\u00e1b\u011bc\u00edch stroj\u016f v\u010detn\u011b p\u0159epravy. Pot\u0159ebujete nez\u00e1vaznou konzultaci? Nav\u0161tivte n\u00e1s v Doln\u00edm Podlu\u017e\u00ed.\" \/>\n<meta name=\"robots\" content=\"index, follow, max-snippet:-1, max-image-preview:large, max-video-preview:-1\" \/>\n<link rel=\"canonical\" href=\"https:\/\/www.servis-neuvirt.cz\/\" \/>\n<meta property=\"og:locale\" content=\"cs_CZ\" \/>\n<meta property=\"og:type\" content=\"article\" \/>\n<meta property=\"og:title\" content=\"Neuvirt | Komplexn\u00ed servis a opravy obr\u00e1b\u011bc\u00edch stroj\u016f - Varnsdorf\" \/>\n<meta property=\"og:description\" content=\"SOS Varnsdorf prov\u00e1d\u00ed servis, opravy a modernizace obr\u00e1b\u011bc\u00edch stroj\u016f v\u010detn\u011b p\u0159epravy. Pot\u0159ebujete nez\u00e1vaznou konzultaci? Nav\u0161tivte n\u00e1s v Doln\u00edm Podlu\u017e\u00ed.\" \/>\n<meta property=\"og:url\" content=\"https:\/\/www.servis-neuvirt.cz\/\" \/>\n<meta property=\"og:site_name\" content=\"servis-neuvirt.cz\" \/>\n<meta property=\"article:modified_time\" content=\"2024-07-04T16:01:48+00:00\" \/>\n<meta name=\"twitter:card\" content=\"summary_large_image\" \/>\n<meta name=\"twitter:label1\" content=\"Odhadovan\u00e1 doba \u010dten\u00ed\" \/>\n\t<meta name=\"twitter:data1\" content=\"12 minut\" \/>\n<script type=\"application\/ld+json\" class=\"yoast-schema-graph\">{\"@context\":\"https:\/\/schema.org\",\"@graph\":[{\"@type\":\"WebPage\",\"@id\":\"https:\/\/www.servis-neuvirt.cz\/\",\"url\":\"https:\/\/www.servis-neuvirt.cz\/\",\"name\":\"Neuvirt | Komplexn\u00ed servis a opravy obr\u00e1b\u011bc\u00edch stroj\u016f - Varnsdorf\",\"isPartOf\":{\"@id\":\"https:\/\/www.servis-neuvirt.cz\/#website\"},\"datePublished\":\"2024-07-04T06:08:59+00:00\",\"dateModified\":\"2024-07-04T16:01:48+00:00\",\"description\":\"SOS Varnsdorf prov\u00e1d\u00ed servis, opravy a modernizace obr\u00e1b\u011bc\u00edch stroj\u016f v\u010detn\u011b p\u0159epravy. Pot\u0159ebujete nez\u00e1vaznou konzultaci? Nav\u0161tivte n\u00e1s v Doln\u00edm Podlu\u017e\u00ed.\",\"breadcrumb\":{\"@id\":\"https:\/\/www.servis-neuvirt.cz\/#breadcrumb\"},\"inLanguage\":\"cs\",\"potentialAction\":[{\"@type\":\"ReadAction\",\"target\":[\"https:\/\/www.servis-neuvirt.cz\/\"]}]},{\"@type\":\"BreadcrumbList\",\"@id\":\"https:\/\/www.servis-neuvirt.cz\/#breadcrumb\",\"itemListElement\":[{\"@type\":\"ListItem\",\"position\":1,\"name\":\"Dom\u016f\",\"item\":\"https:\/\/www.servis-neuvirt.cz\/\"},{\"@type\":\"ListItem\",\"position\":2,\"name\":\"\u00davod\"}]},{\"@type\":\"WebSite\",\"@id\":\"https:\/\/www.servis-neuvirt.cz\/#website\",\"url\":\"https:\/\/www.servis-neuvirt.cz\/\",\"name\":\"servis-neuvirt.cz\",\"description\":\"\",\"potentialAction\":[{\"@type\":\"SearchAction\",\"target\":{\"@type\":\"EntryPoint\",\"urlTemplate\":\"https:\/\/www.servis-neuvirt.cz\/?s={search_term_string}\"},\"query-input\":{\"@type\":\"PropertyValueSpecification\",\"valueRequired\":true,\"valueName\":\"search_term_string\"}}],\"inLanguage\":\"cs\"}]}<\/script>\n<!-- \/ Yoast SEO plugin. -->","yoast_head_json":{"title":"Neuvirt | Komplexn\u00ed servis a opravy obr\u00e1b\u011bc\u00edch stroj\u016f - Varnsdorf","description":"SOS Varnsdorf prov\u00e1d\u00ed servis, opravy a modernizace obr\u00e1b\u011bc\u00edch stroj\u016f v\u010detn\u011b p\u0159epravy. Pot\u0159ebujete nez\u00e1vaznou konzultaci? Nav\u0161tivte n\u00e1s v Doln\u00edm Podlu\u017e\u00ed.","robots":{"index":"index","follow":"follow","max-snippet":"max-snippet:-1","max-image-preview":"max-image-preview:large","max-video-preview":"max-video-preview:-1"},"canonical":"https:\/\/www.servis-neuvirt.cz\/","og_locale":"cs_CZ","og_type":"article","og_title":"Neuvirt | Komplexn\u00ed servis a opravy obr\u00e1b\u011bc\u00edch stroj\u016f - Varnsdorf","og_description":"SOS Varnsdorf prov\u00e1d\u00ed servis, opravy a modernizace obr\u00e1b\u011bc\u00edch stroj\u016f v\u010detn\u011b p\u0159epravy. Pot\u0159ebujete nez\u00e1vaznou konzultaci? Nav\u0161tivte n\u00e1s v Doln\u00edm Podlu\u017e\u00ed.","og_url":"https:\/\/www.servis-neuvirt.cz\/","og_site_name":"servis-neuvirt.cz","article_modified_time":"2024-07-04T16:01:48+00:00","twitter_card":"summary_large_image","twitter_misc":{"Odhadovan\u00e1 doba \u010dten\u00ed":"12 minut"},"schema":{"@context":"https:\/\/schema.org","@graph":[{"@type":"WebPage","@id":"https:\/\/www.servis-neuvirt.cz\/","url":"https:\/\/www.servis-neuvirt.cz\/","name":"Neuvirt | Komplexn\u00ed servis a opravy obr\u00e1b\u011bc\u00edch stroj\u016f - Varnsdorf","isPartOf":{"@id":"https:\/\/www.servis-neuvirt.cz\/#website"},"datePublished":"2024-07-04T06:08:59+00:00","dateModified":"2024-07-04T16:01:48+00:00","description":"SOS Varnsdorf prov\u00e1d\u00ed servis, opravy a modernizace obr\u00e1b\u011bc\u00edch stroj\u016f v\u010detn\u011b p\u0159epravy. Pot\u0159ebujete nez\u00e1vaznou konzultaci? Nav\u0161tivte n\u00e1s v Doln\u00edm Podlu\u017e\u00ed.","breadcrumb":{"@id":"https:\/\/www.servis-neuvirt.cz\/#breadcrumb"},"inLanguage":"cs","potentialAction":[{"@type":"ReadAction","target":["https:\/\/www.servis-neuvirt.cz\/"]}]},{"@type":"BreadcrumbList","@id":"https:\/\/www.servis-neuvirt.cz\/#breadcrumb","itemListElement":[{"@type":"ListItem","position":1,"name":"Dom\u016f","item":"https:\/\/www.servis-neuvirt.cz\/"},{"@type":"ListItem","position":2,"name":"\u00davod"}]},{"@type":"WebSite","@id":"https:\/\/www.servis-neuvirt.cz\/#website","url":"https:\/\/www.servis-neuvirt.cz\/","name":"servis-neuvirt.cz","description":"","potentialAction":[{"@type":"SearchAction","target":{"@type":"EntryPoint","urlTemplate":"https:\/\/www.servis-neuvirt.cz\/?s={search_term_string}"},"query-input":{"@type":"PropertyValueSpecification","valueRequired":true,"valueName":"search_term_string"}}],"inLanguage":"cs"}]}},"_links":{"self":[{"href":"https:\/\/www.servis-neuvirt.cz\/index.php\/wp-json\/wp\/v2\/pages\/11","targetHints":{"allow":["GET"]}}],"collection":[{"href":"https:\/\/www.servis-neuvirt.cz\/index.php\/wp-json\/wp\/v2\/pages"}],"about":[{"href":"https:\/\/www.servis-neuvirt.cz\/index.php\/wp-json\/wp\/v2\/types\/page"}],"author":[{"embeddable":true,"href":"https:\/\/www.servis-neuvirt.cz\/index.php\/wp-json\/wp\/v2\/users\/1"}],"replies":[{"embeddable":true,"href":"https:\/\/www.servis-neuvirt.cz\/index.php\/wp-json\/wp\/v2\/comments?post=11"}],"version-history":[{"count":1,"href":"https:\/\/www.servis-neuvirt.cz\/index.php\/wp-json\/wp\/v2\/pages\/11\/revisions"}],"predecessor-version":[{"id":12,"href":"https:\/\/www.servis-neuvirt.cz\/index.php\/wp-json\/wp\/v2\/pages\/11\/revisions\/12"}],"wp:attachment":[{"href":"https:\/\/www.servis-neuvirt.cz\/index.php\/wp-json\/wp\/v2\/media?parent=11"}],"curies":[{"name":"wp","href":"https:\/\/api.w.org\/{rel}","templated":true}]}}